{"id":115,"date":"2024-03-03T10:02:34","date_gmt":"2024-03-03T10:02:34","guid":{"rendered":"https:\/\/eseprint.es\/?post_type=product&#038;p=115"},"modified":"2024-03-03T11:16:27","modified_gmt":"2024-03-03T11:16:27","slug":"roll-up","status":"publish","type":"product","link":"https:\/\/eseprint.es\/?product=roll-up","title":{"rendered":"Roll up"},"content":{"rendered":"<p>Un soporte de comunicaci\u00f3n imprescindible para cualquier tipo de actividad, el roll-up de aluminio es el invitado estrella de todas las ferias, congresos, exposiciones y dem\u00e1s eventos para aumentar la visibilidad de tu negocio, empresa o establecimiento. Est\u00e1 disponible en 2 formatos que van desde 85 x 204 cm hasta 100 x 204 cm. F\u00e1cil de instalar y almacenar gracias a un sistema de enrollador, puedes llevarlo contigo a cualquier lugar, ya que incluye una bolsa de transporte. Se puede imprimir en dos materiales en lona clasica con trasera blanca y en pet con trasera gris, ambos materiales con un acabado de impresi\u00f3n optimo.<\/p>\n<p>Plantillas para la impresi\u00f3n de los roll up:<\/p>\n<ul>\n<li><a href=\"https:\/\/eseprint.es\/wp-content\/uploads\/2024\/03\/plantilla_roll_up85.pdf\" target=\"_blank\" rel=\"noopener\">Medida de 85 x 200 cm<\/a><\/li>\n<li><a href=\"https:\/\/eseprint.es\/wp-content\/uploads\/2024\/03\/plantilla_roll_up100.pdf\" target=\"_blank\" rel=\"noopener\">Medida de 100 x 200 cm<\/a><\/li>\n<\/ul>\n","protected":false},"excerpt":{"rendered":"<p>Un soporte de comunicaci\u00f3n imprescindible para cualquier tipo de actividad, el roll-up de aluminio es el invitado estrella de todas las ferias, congresos, exposiciones y dem\u00e1s eventos para aumentar la visibilidad de tu negocio, empresa o establecimiento. Est\u00e1 disponible en 2 formatos que van desde 85 x 204 cm hasta 100 x 204 cm. F\u00e1cil [&hellip;]<\/p>\n","protected":false},"featured_media":116,"template":"","meta":{"_et_pb_use_builder":"","_et_pb_old_content":"","_et_gb_content_width":""},"product_cat":[16],"product_tag":[],"class_list":{"0":"post-115","1":"product","2":"type-product","3":"status-publish","4":"has-post-thumbnail","6":"product_cat-personalizacion","8":"first","9":"instock","10":"taxable","11":"shipping-taxable","12":"purchasable","13":"product-type-simple"},"_links":{"self":[{"href":"https:\/\/eseprint.es\/index.php?rest_route=\/wp\/v2\/product\/115","targetHints":{"allow":["GET"]}}],"collection":[{"href":"https:\/\/eseprint.es\/index.php?rest_route=\/wp\/v2\/product"}],"about":[{"href":"https:\/\/eseprint.es\/index.php?rest_route=\/wp\/v2\/types\/product"}],"wp:featuredmedia":[{"embeddable":true,"href":"https:\/\/eseprint.es\/index.php?rest_route=\/wp\/v2\/media\/116"}],"wp:attachment":[{"href":"https:\/\/eseprint.es\/index.php?rest_route=%2Fwp%2Fv2%2Fmedia&parent=115"}],"wp:term":[{"taxonomy":"product_cat","embeddable":true,"href":"https:\/\/eseprint.es\/index.php?rest_route=%2Fwp%2Fv2%2Fproduct_cat&post=115"},{"taxonomy":"product_tag","embeddable":true,"href":"https:\/\/eseprint.es\/index.php?rest_route=%2Fwp%2Fv2%2Fproduct_tag&post=115"}],"curies":[{"name":"wp","href":"https:\/\/api.w.org\/{rel}","templated":true}]}}