{"id":99,"date":"2024-02-25T12:44:09","date_gmt":"2024-02-25T12:44:09","guid":{"rendered":"https:\/\/eseprint.es\/?post_type=product&#038;p=99"},"modified":"2024-02-25T16:30:48","modified_gmt":"2024-02-25T16:30:48","slug":"pegatinas-en-vinilo","status":"publish","type":"product","link":"https:\/\/eseprint.es\/?product=pegatinas-en-vinilo","title":{"rendered":"Pegatinas en vinilo"},"content":{"rendered":"<p><strong>Pegatinas de vinilo<\/strong> personalizadas y troqueladas en forma y medida. Puedes elegir diferentes acabados, tipo de corte y laminaci\u00f3n. Nuestras pegatinas de vinilo, son impresas mediante tecnolog\u00eda latex. Utilizamos vinilos de p<strong>rimeras marcas<\/strong> para obtener unos resultados \u00f3ptimos.<\/p>\n","protected":false},"excerpt":{"rendered":"<p>Pegatinas de vinilo personalizadas y troqueladas en forma y medida. Puedes elegir diferentes acabados, tipo de corte y laminaci\u00f3n. Nuestras pegatinas de vinilo, son impresas mediante tecnolog\u00eda latex. Utilizamos vinilos de primeras marcas para obtener unos resultados \u00f3ptimos.<\/p>\n","protected":false},"featured_media":0,"template":"","meta":{"_et_pb_use_builder":"","_et_pb_old_content":"","_et_gb_content_width":""},"product_cat":[34,16],"product_tag":[],"class_list":{"0":"post-99","1":"product","2":"type-product","3":"status-publish","5":"product_cat-pegatinas-en-vinilo","6":"product_cat-personalizacion","8":"first","9":"instock","10":"taxable","11":"shipping-taxable","12":"purchasable","13":"product-type-simple"},"_links":{"self":[{"href":"https:\/\/eseprint.es\/index.php?rest_route=\/wp\/v2\/product\/99","targetHints":{"allow":["GET"]}}],"collection":[{"href":"https:\/\/eseprint.es\/index.php?rest_route=\/wp\/v2\/product"}],"about":[{"href":"https:\/\/eseprint.es\/index.php?rest_route=\/wp\/v2\/types\/product"}],"wp:attachment":[{"href":"https:\/\/eseprint.es\/index.php?rest_route=%2Fwp%2Fv2%2Fmedia&parent=99"}],"wp:term":[{"taxonomy":"product_cat","embeddable":true,"href":"https:\/\/eseprint.es\/index.php?rest_route=%2Fwp%2Fv2%2Fproduct_cat&post=99"},{"taxonomy":"product_tag","embeddable":true,"href":"https:\/\/eseprint.es\/index.php?rest_route=%2Fwp%2Fv2%2Fproduct_tag&post=99"}],"curies":[{"name":"wp","href":"https:\/\/api.w.org\/{rel}","templated":true}]}}